{"id":349,"date":"2021-04-01T16:13:35","date_gmt":"2021-04-01T14:13:35","guid":{"rendered":"http:\/\/uvasfelices.com\/?page_id=349"},"modified":"2021-04-01T16:15:16","modified_gmt":"2021-04-01T14:15:16","slug":"aviso-legal","status":"publish","type":"page","link":"https:\/\/uvasfelices.com\/es\/aviso-legal\/","title":{"rendered":"Aviso legal"},"content":{"rendered":"<div class=\"vce-row-container\" data-vce-boxed-width=\"true\"><div class=\"vce-row vce-row--col-gap-30 vce-row-equal-height vce-row-content--top\" id=\"el-a215cbca\" data-vce-do-apply=\"all el-a215cbca\"><div class=\"vce-content-background-container\"><\/div><div class=\"vce-row-content\" data-vce-element-content=\"true\"><div class=\"vce-col vce-col--md-auto vce-col--xs-1 vce-col--xs-last vce-col--xs-first vce-col--sm-last vce-col--sm-first vce-col--md-last vce-col--lg-last vce-col--xl-last vce-col--md-first vce-col--lg-first vce-col--xl-first\" id=\"el-6a9e399f\"><div class=\"vce-col-inner\" data-vce-do-apply=\"border margin background  el-6a9e399f\"><div class=\"vce-col-content\" data-vce-element-content=\"true\" data-vce-do-apply=\"padding el-6a9e399f\"><div class=\"vce-text-block\"><div class=\"vce-text-block-wrapper vce\" id=\"el-33b93494\" data-vce-do-apply=\"all el-33b93494\"><h2>Aviso legal<\/h2><\/div><\/div><div class=\"vce-text-block\"><div class=\"vce-text-block-wrapper vce\" id=\"el-1ba5a538\" data-vce-do-apply=\"all el-1ba5a538\"><p>TITULAR DE LA WEB Y DATOS DE CONTACTO<\/p><p>El presente dominio en Internet es titularidad de NEGOCIANTS, S.L.U. (en adelante, VILA VINITECA) con CIF\/NIF B60389731 y domicilio en C\/AGULLERS, 7 08003 BARCELONA (BARCELONA).<\/p><p>NEGOCIANTS, S.L.U es una sociedad inscrita en el Registro Mercantil de Barcelona, Tomo 26436, folio 0095, hoja B-103098, secci\u00f3n general Inscripci\u00f3n 1\u00aa.<\/p><p>VILA VINITECA es una empresa compuesta por las diferentes sociedades vinculadas: NEGOCIANTS SLU, CALIDOSCOPI VINOS FINOS SLU, CALIDOSCOPI VINS SLU, CAN DEZ MAS SL, UVAS FELICES SLU, VINS RARS SL, PRESCRIPTORS SLU.<\/p><p>Las presentes condiciones se aplican a todas las webs propiedad de VILA VINITECA: www.vilaviniteca.es, www.outletdevinos.com, www.outletdevins.com, www.calidoscopi.es,, www.perroverde.es y www.canestruc.com.<\/p><p>La finalidad de la web es informativa y venta online.<\/p><p>Puede ponerse en contacto con nosotros:<\/p><p>Por tel\u00e9fono, en el n\u00famero 902 327 777.<br>Por correo electr\u00f3nico, escribiendo a info@vilaviniteca.es \/\/ rgpd@vilaviniteca.es<br>Por escrito, dirigi\u00e9ndose a C\/ AGULLERS 7, 08003 BARCELONA (BARCELONA).<\/p><p>CONDICIONES DE USO DE LA WEB<\/p><p>Las presentes condiciones de uso regulan el acceso a esta web por parte de los clientes de VILA VINITECA y dem\u00e1s usuarios de Internet. Por el mero uso de esta web, el usuario manifiesta su aceptaci\u00f3n sin reservas de las presentes condiciones de uso.<\/p><p>VILA VINITECA se reserva el derecho unilateral de modificar las presentes condiciones de acceso a la web, as\u00ed como los contenidos en ella incluidos.<\/p><p>LIMITACI\u00d3N Y EXCLUSI\u00d3N DE RESPONSABILIDAD<\/p><p>El contenido de esta web es de car\u00e1cter general y tiene una finalidad y efectos exclusivamente informativos. Rechaza la responsabilidad sobre cualquier informaci\u00f3n no elaborada por ella o publicada en su nombre de forma no autorizada por ella, al igual que la responsabilidad que se derive de la mala utilizaci\u00f3n por terceros de los contenidos.<\/p><p>El usuario exonera de cualquier responsabilidad que pudiera derivarse de las interrupciones de disponibilidad de la p\u00e1gina web, ya sea por mal funcionamiento del servidor web o de aplicaciones, de las infraestructuras de comunicaciones, o del software y hardware utilizados para la navegaci\u00f3n.<\/p><p>En el caso de incluir enlaces a otras p\u00e1ginas web, declina cualquier responsabilidad relacionada con el acceso y utilizaci\u00f3n de dichos enlaces.<\/p><p>PROPIEDAD INTELECTUAL E INDUSTRIAL<\/p><p>La totalidad de esta web se encuentra protegida por las leyes sobre propiedad Intelectual e Industrial. Salvo que se indique lo contrario, los derechos de propiedad intelectual sobre estos contenidos corresponden en exclusiva a VILA VINITECA. El usuario reconoce que el uso de los contenidos queda estrictamente limitado a finalidades personales del propio usuario y que la reproducci\u00f3n, distribuci\u00f3n, comunicaci\u00f3n o transformaci\u00f3n no expresamente autorizada de tales obras constituye una infracci\u00f3n de los derechos de propiedad intelectual.<\/p><p>Asimismo, el usuario se abstendr\u00e1 de emplear los contenidos y, en particular, la informaci\u00f3n de cualquier clase obtenida a trav\u00e9s de la web para remitir publicidad, comunicaciones con fines de venta directa o con cualquier otra clase de finalidad comercial, mensajes no solicitados dirigidos a una pluralidad de personas con independencia de su finalidad. Tambi\u00e9n se abstendr\u00e1 de comercializar o divulgar de cualquier modo dicha informaci\u00f3n.<\/p><p>Los dominios titularidad de VILA VINITECA (www.vilaviniteca.es, www.outletdevinos.com, www.calidoscopi.es, www.vinacoteca.cat y www.canestruc.com) no pueden ser utilizados, salvo autorizaci\u00f3n expresa previa, en conexi\u00f3n con otros productos o servicios ni de ninguna manera que pueda causar confusi\u00f3n entre nuestros clientes o descr\u00e9dito de VILA VINITECA y empresas vinculadas.<\/p><p>POL\u00cdTICA PARA ENLAZAR A ESTA WEB<\/p><p>Si cualquier usuario, entidad o p\u00e1gina web deseara establecer alg\u00fan tipo de enlace con destino a esta web deber\u00e1 solicitar autorizaci\u00f3n previa a la realizaci\u00f3n del enlace y por escrito.<\/p><p>Adem\u00e1s, s\u00f3lo se permite enlazar a la p\u00e1gina de inicio de la web. El enlace debe ser absoluto y completo, es decir, debe llevar al usuario a la propia direcci\u00f3n abarcando completamente la extensi\u00f3n de la pantalla de la p\u00e1gina que contiene el enlace. En ning\u00fan caso, salvo autorizaci\u00f3n expresa y por escrito de VILA VINITECA, la p\u00e1gina que realice el enlace podr\u00e1 reproducir de cualquier manera la web de VILA VINITECA, incluirla como parte de su web o dentro de uno de sus marcos sobre cualquiera de las p\u00e1ginas o contenidos de la presente web.<\/p><p>No se incluir\u00e1 ninguna manifestaci\u00f3n falsa, inexacta o incorrecta sobre las p\u00e1ginas de esta web o los servicios que en ella se ofrecen.<\/p><p>El enlace no contendr\u00e1 ninguna marca, nombre comercial, r\u00f3tulo de establecimiento, denominaci\u00f3n, logotipo, eslogan u otros signos distintivos pertenecientes a VILA VINITECA.<\/p><p>Bajo ninguna circunstancia, VILA VINITECA ser\u00e1 responsable de los contenidos o servicios puestos a disposici\u00f3n del p\u00fablico en la p\u00e1gina web desde la que se realice el hiperenlace ni de las informaciones o manifestaciones incluidas en las mismas.<\/p><p>PROTECCI\u00d3N DE DATOS PERSONALES<\/p><p>La utilizaci\u00f3n de esta web y de sus formularios requiere la aceptaci\u00f3n del tratamiento de los datos del usuario conforme a nuestra pol\u00edtica de privacidad, incluyendo la recopilaci\u00f3n de datos de acceso y el env\u00edo de informaci\u00f3n comercial por v\u00eda electr\u00f3nica.<\/p><p>Lea detenidamente nuestra pol\u00edtica de privacidad para conocer c\u00f3mo utilizamos los datos de los usuarios y c\u00f3mo ejercer los derechos de acceso, rectificaci\u00f3n, cancelaci\u00f3n y oposici\u00f3n.<\/p><p>COOKIES<\/p><p>Esta web utiliza cookies propias y de terceros para diversas finalidades incluyendo anal\u00edticas y publicidad adaptada a los intereses del usuario. El mero uso de esta web con las cookies activadas en el navegador implica la aceptaci\u00f3n de su tratamiento conforme a nuestra pol\u00edtica de cookies.<\/p><p>Lea detenidamente nuestra pol\u00edtica de cookies para conocer los tipos de cookies empleados, y c\u00f3mo bloquearlas y borrarlas en su navegador.<\/p><p>PREVALENCIA DE LA VERSI\u00d3N ESPA\u00d1OLA<\/p><p>En caso de que se traduzca este aviso legal a otros idiomas, cuando haya discrepancia, la versi\u00f3n espa\u00f1ola prevalecer\u00e1.<\/p><p>LEGISLACI\u00d3N Y JURISDICCI\u00d3N APLICABLE<\/p><p>El presente Aviso Legal, as\u00ed como las relaciones entre y los usuarios, se regir\u00e1n por la normativa espa\u00f1ola vigente y cualquier controversia se someter\u00e1 a los Juzgados y Tribunales de BARCELONA, excepto en el caso de consumidores y usuarios que se aplicar\u00e1 el fuero imperativo de los juzgados que correspondan a su domicilio.<\/p><\/div><div class=\"vce-text-block-wrapper vce\" id=\"\" data-vce-do-apply=\"all el-1ba5a538\" style=\"height: 0px; width: 0px; overflow: hidden; position: fixed; bottom: 0px; right: 0px;\"><p>TITULAR DE LA WEB Y DATOS DE CONTACTO<\/p><p>El presente dominio en Internet es titularidad de NEGOCIANTS, S.L.U. (en adelante, VILA VINITECA) con CIF\/NIF B60389731 y domicilio en C\/AGULLERS, 7 08003 BARCELONA (BARCELONA).<\/p><p>NEGOCIANTS, S.L.U es una sociedad inscrita en el Registro Mercantil de Barcelona, Tomo 26436, folio 0095, hoja B-103098, secci\u00f3n general Inscripci\u00f3n 1\u00aa.<\/p><p>VILA VINITECA es una empresa compuesta por las diferentes sociedades vinculadas: NEGOCIANTS SLU, CALIDOSCOPI VINOS FINOS SLU, CALIDOSCOPI VINS SLU, CAN DEZ MAS SL, UVAS FELICES SLU, VINS RARS SL, PRESCRIPTORS SLU.<\/p><p>Las presentes condiciones se aplican a todas las webs propiedad de VILA VINITECA: www.vilaviniteca.es, www.outletdevinos.com, www.outletdevins.com, www.calidoscopi.es,, www.perroverde.es y www.canestruc.com.<\/p><p>La finalidad de la web es informativa y venta online.<\/p><p>Puede ponerse en contacto con nosotros:<\/p><p>Por tel\u00e9fono, en el n\u00famero 902 327 777.<br>Por correo electr\u00f3nico, escribiendo a info@vilaviniteca.es \/\/ rgpd@vilaviniteca.es<br>Por escrito, dirigi\u00e9ndose a C\/ AGULLERS 7, 08003 BARCELONA (BARCELONA).<\/p><p>CONDICIONES DE USO DE LA WEB<\/p><p>Las presentes condiciones de uso regulan el acceso a esta web por parte de los clientes de VILA VINITECA y dem\u00e1s usuarios de Internet. Por el mero uso de esta web, el usuario manifiesta su aceptaci\u00f3n sin reservas de las presentes condiciones de uso.<\/p><p>VILA VINITECA se reserva el derecho unilateral de modificar las presentes condiciones de acceso a la web, as\u00ed como los contenidos en ella incluidos.<\/p><p>LIMITACI\u00d3N Y EXCLUSI\u00d3N DE RESPONSABILIDAD<\/p><p>El contenido de esta web es de car\u00e1cter general y tiene una finalidad y efectos exclusivamente informativos. Rechaza la responsabilidad sobre cualquier informaci\u00f3n no elaborada por ella o publicada en su nombre de forma no autorizada por ella, al igual que la responsabilidad que se derive de la mala utilizaci\u00f3n por terceros de los contenidos.<\/p><p>El usuario exonera de cualquier responsabilidad que pudiera derivarse de las interrupciones de disponibilidad de la p\u00e1gina web, ya sea por mal funcionamiento del servidor web o de aplicaciones, de las infraestructuras de comunicaciones, o del software y hardware utilizados para la navegaci\u00f3n.<\/p><p>En el caso de incluir enlaces a otras p\u00e1ginas web, declina cualquier responsabilidad relacionada con el acceso y utilizaci\u00f3n de dichos enlaces.<\/p><p>PROPIEDAD INTELECTUAL E INDUSTRIAL<\/p><p>La totalidad de esta web se encuentra protegida por las leyes sobre propiedad Intelectual e Industrial. Salvo que se indique lo contrario, los derechos de propiedad intelectual sobre estos contenidos corresponden en exclusiva a VILA VINITECA. El usuario reconoce que el uso de los contenidos queda estrictamente limitado a finalidades personales del propio usuario y que la reproducci\u00f3n, distribuci\u00f3n, comunicaci\u00f3n o transformaci\u00f3n no expresamente autorizada de tales obras constituye una infracci\u00f3n de los derechos de propiedad intelectual.<\/p><p>Asimismo, el usuario se abstendr\u00e1 de emplear los contenidos y, en particular, la informaci\u00f3n de cualquier clase obtenida a trav\u00e9s de la web para remitir publicidad, comunicaciones con fines de venta directa o con cualquier otra clase de finalidad comercial, mensajes no solicitados dirigidos a una pluralidad de personas con independencia de su finalidad. Tambi\u00e9n se abstendr\u00e1 de comercializar o divulgar de cualquier modo dicha informaci\u00f3n.<\/p><p>Los dominios titularidad de VILA VINITECA (www.vilaviniteca.es, www.outletdevinos.com, www.calidoscopi.es, www.vinacoteca.cat y www.canestruc.com) no pueden ser utilizados, salvo autorizaci\u00f3n expresa previa, en conexi\u00f3n con otros productos o servicios ni de ninguna manera que pueda causar confusi\u00f3n entre nuestros clientes o descr\u00e9dito de VILA VINITECA y empresas vinculadas.<\/p><p>POL\u00cdTICA PARA ENLAZAR A ESTA WEB<\/p><p>Si cualquier usuario, entidad o p\u00e1gina web deseara establecer alg\u00fan tipo de enlace con destino a esta web deber\u00e1 solicitar autorizaci\u00f3n previa a la realizaci\u00f3n del enlace y por escrito.<\/p><p>Adem\u00e1s, s\u00f3lo se permite enlazar a la p\u00e1gina de inicio de la web. El enlace debe ser absoluto y completo, es decir, debe llevar al usuario a la propia direcci\u00f3n abarcando completamente la extensi\u00f3n de la pantalla de la p\u00e1gina que contiene el enlace. En ning\u00fan caso, salvo autorizaci\u00f3n expresa y por escrito de VILA VINITECA, la p\u00e1gina que realice el enlace podr\u00e1 reproducir de cualquier manera la web de VILA VINITECA, incluirla como parte de su web o dentro de uno de sus marcos sobre cualquiera de las p\u00e1ginas o contenidos de la presente web.<\/p><p>No se incluir\u00e1 ninguna manifestaci\u00f3n falsa, inexacta o incorrecta sobre las p\u00e1ginas de esta web o los servicios que en ella se ofrecen.<\/p><p>El enlace no contendr\u00e1 ninguna marca, nombre comercial, r\u00f3tulo de establecimiento, denominaci\u00f3n, logotipo, eslogan u otros signos distintivos pertenecientes a VILA VINITECA.<\/p><p>Bajo ninguna circunstancia, VILA VINITECA ser\u00e1 responsable de los contenidos o servicios puestos a disposici\u00f3n del p\u00fablico en la p\u00e1gina web desde la que se realice el hiperenlace ni de las informaciones o manifestaciones incluidas en las mismas.<\/p><p>PROTECCI\u00d3N DE DATOS PERSONALES<\/p><p>La utilizaci\u00f3n de esta web y de sus formularios requiere la aceptaci\u00f3n del tratamiento de los datos del usuario conforme a nuestra pol\u00edtica de privacidad, incluyendo la recopilaci\u00f3n de datos de acceso y el env\u00edo de informaci\u00f3n comercial por v\u00eda electr\u00f3nica.<\/p><p>Lea detenidamente nuestra pol\u00edtica de privacidad para conocer c\u00f3mo utilizamos los datos de los usuarios y c\u00f3mo ejercer los derechos de acceso, rectificaci\u00f3n, cancelaci\u00f3n y oposici\u00f3n.<\/p><p>COOKIES<\/p><p>Esta web utiliza cookies propias y de terceros para diversas finalidades incluyendo anal\u00edticas y publicidad adaptada a los intereses del usuario. El mero uso de esta web con las cookies activadas en el navegador implica la aceptaci\u00f3n de su tratamiento conforme a nuestra pol\u00edtica de cookies.<\/p><p>Lea detenidamente nuestra pol\u00edtica de cookies para conocer los tipos de cookies empleados, y c\u00f3mo bloquearlas y borrarlas en su navegador.<\/p><p>PREVALENCIA DE LA VERSI\u00d3N ESPA\u00d1OLA<\/p><p>En caso de que se traduzca este aviso legal a otros idiomas, cuando haya discrepancia, la versi\u00f3n espa\u00f1ola prevalecer\u00e1.<\/p><p>LEGISLACI\u00d3N Y JURISDICCI\u00d3N APLICABLE<\/p><p>El presente Aviso Legal, as\u00ed como las relaciones entre y los usuarios, se regir\u00e1n por la normativa espa\u00f1ola vigente y cualquier controversia se someter\u00e1 a los Juzgados y Tribunales de BARCELONA, excepto en el caso de consumidores y usuarios que se aplicar\u00e1 el fuero imperativo de los juzgados que correspondan a su domicilio.<\/p><\/div><\/div><\/div><\/div><\/div><\/div><\/div><\/div>\n","protected":false},"excerpt":{"rendered":"<p>Aviso legalTITULAR DE LA WEB Y DATOS DE CONTACTOEl presente dominio en Internet es titularidad de NEGOCIANTS, S.L.U. (en adelante, VILA VINITECA) con CIF\/NIF B60389731 y domicilio en C\/AGULLERS, 7 08003 BARCELONA (BARCELONA).NEGOCIANTS, S.L.U es una sociedad inscrita en el Registro Mercantil de Barcelona, Tomo 26436, folio 0095, hoja B-103098, secci\u00f3n general Inscripci\u00f3n 1\u00aa.VILA VINITECA [&hellip;]<\/p>\n","protected":false},"author":5,"featured_media":0,"parent":0,"menu_order":0,"comment_status":"closed","ping_status":"closed","template":"","meta":{"footnotes":""},"class_list":["post-349","page","type-page","status-publish","hentry"],"yoast_head":"<!-- This site is optimized with the Yoast SEO plugin v27.3 - https:\/\/yoast.com\/product\/yoast-seo-wordpress\/ -->\n<title>Aviso legal - Uvas Felices<\/title>\n<meta name=\"robots\" content=\"index, follow, max-snippet:-1, max-image-preview:large, max-video-preview:-1\" \/>\n<link rel=\"canonical\" href=\"https:\/\/uvasfelices.com\/es\/aviso-legal\/\" \/>\n<meta property=\"og:locale\" content=\"es_ES\" \/>\n<meta property=\"og:type\" content=\"article\" \/>\n<meta property=\"og:title\" content=\"Aviso legal - Uvas Felices\" \/>\n<meta property=\"og:description\" content=\"Aviso legalTITULAR DE LA WEB Y DATOS DE CONTACTOEl presente dominio en Internet es titularidad de NEGOCIANTS, S.L.U. (en adelante, VILA VINITECA) con CIF\/NIF B60389731 y domicilio en C\/AGULLERS, 7 08003 BARCELONA (BARCELONA).NEGOCIANTS, S.L.U es una sociedad inscrita en el Registro Mercantil de Barcelona, Tomo 26436, folio 0095, hoja B-103098, secci\u00f3n general Inscripci\u00f3n 1\u00aa.VILA VINITECA [&hellip;]\" \/>\n<meta property=\"og:url\" content=\"https:\/\/uvasfelices.com\/es\/aviso-legal\/\" \/>\n<meta property=\"og:site_name\" content=\"Uvas Felices\" \/>\n<meta property=\"article:modified_time\" content=\"2021-04-01T14:15:16+00:00\" \/>\n<meta name=\"twitter:card\" content=\"summary_large_image\" \/>\n<meta name=\"twitter:label1\" content=\"Tiempo de lectura\" \/>\n\t<meta name=\"twitter:data1\" content=\"11 minutos\" \/>\n<script type=\"application\/ld+json\" class=\"yoast-schema-graph\">{\"@context\":\"https:\\\/\\\/schema.org\",\"@graph\":[{\"@type\":\"WebPage\",\"@id\":\"https:\\\/\\\/uvasfelices.com\\\/es\\\/aviso-legal\\\/\",\"url\":\"https:\\\/\\\/uvasfelices.com\\\/es\\\/aviso-legal\\\/\",\"name\":\"Aviso legal - Uvas Felices\",\"isPartOf\":{\"@id\":\"https:\\\/\\\/uvasfelices.com\\\/#website\"},\"datePublished\":\"2021-04-01T14:13:35+00:00\",\"dateModified\":\"2021-04-01T14:15:16+00:00\",\"breadcrumb\":{\"@id\":\"https:\\\/\\\/uvasfelices.com\\\/es\\\/aviso-legal\\\/#breadcrumb\"},\"inLanguage\":\"es\",\"potentialAction\":[{\"@type\":\"ReadAction\",\"target\":[\"https:\\\/\\\/uvasfelices.com\\\/es\\\/aviso-legal\\\/\"]}]},{\"@type\":\"BreadcrumbList\",\"@id\":\"https:\\\/\\\/uvasfelices.com\\\/es\\\/aviso-legal\\\/#breadcrumb\",\"itemListElement\":[{\"@type\":\"ListItem\",\"position\":1,\"name\":\"Home\",\"item\":\"https:\\\/\\\/uvasfelices.com\\\/es\\\/\"},{\"@type\":\"ListItem\",\"position\":2,\"name\":\"Aviso legal\"}]},{\"@type\":\"WebSite\",\"@id\":\"https:\\\/\\\/uvasfelices.com\\\/#website\",\"url\":\"https:\\\/\\\/uvasfelices.com\\\/\",\"name\":\"Uvas Felices\",\"description\":\"\",\"potentialAction\":[{\"@type\":\"SearchAction\",\"target\":{\"@type\":\"EntryPoint\",\"urlTemplate\":\"https:\\\/\\\/uvasfelices.com\\\/?s={search_term_string}\"},\"query-input\":{\"@type\":\"PropertyValueSpecification\",\"valueRequired\":true,\"valueName\":\"search_term_string\"}}],\"inLanguage\":\"es\"}]}<\/script>\n<!-- \/ Yoast SEO plugin. -->","yoast_head_json":{"title":"Aviso legal - Uvas Felices","robots":{"index":"index","follow":"follow","max-snippet":"max-snippet:-1","max-image-preview":"max-image-preview:large","max-video-preview":"max-video-preview:-1"},"canonical":"https:\/\/uvasfelices.com\/es\/aviso-legal\/","og_locale":"es_ES","og_type":"article","og_title":"Aviso legal - Uvas Felices","og_description":"Aviso legalTITULAR DE LA WEB Y DATOS DE CONTACTOEl presente dominio en Internet es titularidad de NEGOCIANTS, S.L.U. (en adelante, VILA VINITECA) con CIF\/NIF B60389731 y domicilio en C\/AGULLERS, 7 08003 BARCELONA (BARCELONA).NEGOCIANTS, S.L.U es una sociedad inscrita en el Registro Mercantil de Barcelona, Tomo 26436, folio 0095, hoja B-103098, secci\u00f3n general Inscripci\u00f3n 1\u00aa.VILA VINITECA [&hellip;]","og_url":"https:\/\/uvasfelices.com\/es\/aviso-legal\/","og_site_name":"Uvas Felices","article_modified_time":"2021-04-01T14:15:16+00:00","twitter_card":"summary_large_image","twitter_misc":{"Tiempo de lectura":"11 minutos"},"schema":{"@context":"https:\/\/schema.org","@graph":[{"@type":"WebPage","@id":"https:\/\/uvasfelices.com\/es\/aviso-legal\/","url":"https:\/\/uvasfelices.com\/es\/aviso-legal\/","name":"Aviso legal - Uvas Felices","isPartOf":{"@id":"https:\/\/uvasfelices.com\/#website"},"datePublished":"2021-04-01T14:13:35+00:00","dateModified":"2021-04-01T14:15:16+00:00","breadcrumb":{"@id":"https:\/\/uvasfelices.com\/es\/aviso-legal\/#breadcrumb"},"inLanguage":"es","potentialAction":[{"@type":"ReadAction","target":["https:\/\/uvasfelices.com\/es\/aviso-legal\/"]}]},{"@type":"BreadcrumbList","@id":"https:\/\/uvasfelices.com\/es\/aviso-legal\/#breadcrumb","itemListElement":[{"@type":"ListItem","position":1,"name":"Home","item":"https:\/\/uvasfelices.com\/es\/"},{"@type":"ListItem","position":2,"name":"Aviso legal"}]},{"@type":"WebSite","@id":"https:\/\/uvasfelices.com\/#website","url":"https:\/\/uvasfelices.com\/","name":"Uvas Felices","description":"","potentialAction":[{"@type":"SearchAction","target":{"@type":"EntryPoint","urlTemplate":"https:\/\/uvasfelices.com\/?s={search_term_string}"},"query-input":{"@type":"PropertyValueSpecification","valueRequired":true,"valueName":"search_term_string"}}],"inLanguage":"es"}]}},"_links":{"self":[{"href":"https:\/\/uvasfelices.com\/es\/wp-json\/wp\/v2\/pages\/349","targetHints":{"allow":["GET"]}}],"collection":[{"href":"https:\/\/uvasfelices.com\/es\/wp-json\/wp\/v2\/pages"}],"about":[{"href":"https:\/\/uvasfelices.com\/es\/wp-json\/wp\/v2\/types\/page"}],"author":[{"embeddable":true,"href":"https:\/\/uvasfelices.com\/es\/wp-json\/wp\/v2\/users\/5"}],"replies":[{"embeddable":true,"href":"https:\/\/uvasfelices.com\/es\/wp-json\/wp\/v2\/comments?post=349"}],"version-history":[{"count":2,"href":"https:\/\/uvasfelices.com\/es\/wp-json\/wp\/v2\/pages\/349\/revisions"}],"predecessor-version":[{"id":353,"href":"https:\/\/uvasfelices.com\/es\/wp-json\/wp\/v2\/pages\/349\/revisions\/353"}],"wp:attachment":[{"href":"https:\/\/uvasfelices.com\/es\/wp-json\/wp\/v2\/media?parent=349"}],"curies":[{"name":"wp","href":"https:\/\/api.w.org\/{rel}","templated":true}]}}