{"id":335,"date":"2021-04-01T15:50:09","date_gmt":"2021-04-01T13:50:09","guid":{"rendered":"http:\/\/uvasfelices.com\/social-networking-policy\/"},"modified":"2021-04-01T16:02:13","modified_gmt":"2021-04-01T14:02:13","slug":"politica-de-redes-sociales","status":"publish","type":"page","link":"https:\/\/uvasfelices.com\/es\/politica-de-redes-sociales\/","title":{"rendered":"Pol\u00edtica de redes sociales"},"content":{"rendered":"<div class=\"vce-row-container\" data-vce-boxed-width=\"true\"><div class=\"vce-row vce-row--col-gap-30 vce-row-equal-height vce-row-content--top\" id=\"el-a215cbca\" data-vce-do-apply=\"all el-a215cbca\"><div class=\"vce-content-background-container\"><\/div><div class=\"vce-row-content\" data-vce-element-content=\"true\"><div class=\"vce-col vce-col--md-auto vce-col--xs-1 vce-col--xs-last vce-col--xs-first vce-col--sm-last vce-col--sm-first vce-col--md-last vce-col--lg-last vce-col--xl-last vce-col--md-first vce-col--lg-first vce-col--xl-first\" id=\"el-6a9e399f\"><div class=\"vce-col-inner\" data-vce-do-apply=\"border margin background  el-6a9e399f\"><div class=\"vce-col-content\" data-vce-element-content=\"true\" data-vce-do-apply=\"padding el-6a9e399f\"><div class=\"vce-text-block\"><div class=\"vce-text-block-wrapper vce\" id=\"el-33b93494\" data-vce-do-apply=\"all el-33b93494\"><h2>Pol\u00edtica de redes sociales<\/h2><\/div><\/div><div class=\"vce-text-block\"><div class=\"vce-text-block-wrapper vce\" id=\"el-1ba5a538\" data-vce-do-apply=\"all el-1ba5a538\"><p>La utilizaci\u00f3n de redes sociales y de sus formularios requiere la aceptaci\u00f3n del tratamiento de los datos del usuario conforme a esta pol\u00edtica de privacidad, incluyendo la recopilaci\u00f3n de datos de acceso y el env\u00edo de informaci\u00f3n comercial por v\u00eda electr\u00f3nica y otros medios, as\u00ed como la aceptaci\u00f3n de pol\u00edticas de privacidad de cada una de las diferentes redes sociales en las que la empresa es usuario.<\/p><p>La interacci\u00f3n con nuestros perfiles se realiza conforme a las pol\u00edticas de privacidad de cada red social. Adem\u00e1s, la utilizaci\u00f3n e interacci\u00f3n a trav\u00e9s de las redes sociales o perfiles de VILA VINITECA por parte de los usuarios, conlleva el tratamiento bajo los t\u00e9rminos establecidos en la presente pol\u00edtica de privacidad, de los datos de car\u00e1cter personal facilitados por el usuario, as\u00ed como la informaci\u00f3n referida a preferencias y otros datos de inter\u00e9s comercial.<\/p><p>Consulte nuestra pol\u00edtica de privacidad y pol\u00edtica de cookies para obtener m\u00e1s informaci\u00f3n sobre c\u00f3mo tratamos sus datos personales.<\/p><p>RESPONSABLE DEL TRATAMIENTO DE LOS DATOS E INFORMACI\u00d3N DE CONTACTO<\/p><p>El responsable es: VILA VINITECA y empresas vinculadas: NEGOCIANTS SLU, CALIDOSCOPI VINOS FINOS SLU, CALIDOSCOPI VINS SLU, CAN DEZ MAS SL, UVAS FELICES SLU, VINS RARS SL, PRESCRIPTORS SLU.<\/p><p>Puede ponerse en contacto con nosotros:<\/p><p>Por tel\u00e9fono, en el n\u00famero 902 327 777.<br>Por correo electr\u00f3nico, escribiendo a rgpd@vilaviniteca.es.<br>Por escrito, dirigi\u00e9ndose a C\/ AGULLERS 7, 08003 BARCELONA (BARCELONA).<\/p><p>FINALIDAD DEL TRATAMIENTO DE LOS DATOS<\/p><p>Los datos proporcionados por los usuarios que interact\u00faan en nuestras redes sociales se tratan con el objetivo de atender las solicitudes de los usuarios, gestionar nuestras campa\u00f1as comerciales, as\u00ed como, en su caso, enviarle por medios electr\u00f3nicos informaci\u00f3n comercial sobre nuestros productos, servicios, promociones y actividades.<\/p><p>Tambi\u00e9n podremos utilizar los datos proporcionados, incluido sus direcciones de redes sociales, para contactarle y atender sus solicitudes y\/o reclamaciones en caso de etiquetarnos o hacernos menci\u00f3n.<\/p><p>LEGITIMACI\u00d3N<\/p><p>Los datos se tratan en base al consentimiento del usuario e intereses leg\u00edtimos de la empresa.<\/p><p>NEWSLETTERS E INFORMACI\u00d3N COMERCIAL<\/p><p>VILA VINITECA podr\u00e1 enviarle informaci\u00f3n de inter\u00e9s sobre la empresa, as\u00ed como informaci\u00f3n sobre productos, promociones, concursos, ofertas, eventos o actividades, propios o de terceros, a trav\u00e9s de una newsletter o similar, siempre y cuando tengamos su consentimiento inequ\u00edvoco, solicitado, en su caso, a trav\u00e9s de los formularios f\u00edsicos u online existentes, as\u00ed como a trav\u00e9s de los diferentes m\u00e9todos de suscripci\u00f3n a nuestros eventos, actividades o ferias, o bien mediante las habilitaciones legales establecidas por la Ley 34\/2002 de servicios de la sociedad de la informaci\u00f3n y comercio electr\u00f3nico. Podr\u00e1 darse de baja en cualquier momento si as\u00ed lo solicita siguiendo las condiciones aqu\u00ed descritas o el enlace incorporado en la newsletter.<\/p><p>Asimismo, la utilizaci\u00f3n de redes sociales implica el tratamiento de los datos con fines de publicidad comportamental por parte de las Redes Sociales conforme a su pol\u00edtica de privacidad. Este tratamiento se realiza en base a tu consentimiento al utilizar dichas plataformas por los plazos establecidos por cada Red Social.<\/p><p>POL\u00cdTICAS ESPEC\u00cdFICAS DE CADA RED SOCIAL<\/p><p>VILA VINITECA forma parte de numerosas redes sociales para los fines descritos anteriormente. Para obtener una visi\u00f3n espec\u00edfica de cada pol\u00edtica de privacidad, consulte las diferentes pol\u00edticas de privacidad de las redes sociales que utilizamos en:<\/p><p>https:\/\/twitter.com\/es\/privacy (TWITTER)<br>https:\/\/es-es.facebook.com\/about\/privacy\/update (FACEBOOK)<br>https:\/\/help.instagram.com\/519522125107875 (INSTAGRAM)<br>https:\/\/policy.pinterest.com\/es\/privacy-policy (PINTEREST)<br>https:\/\/www.linkedin.com\/legal\/privacy-policy?trk=uno-reg-guest-home-privacy-policy (LINKEDIN)<\/p><p>NORMAS DE USO<\/p><p>No insulte ni menosprecie a nadie. Sea respetuoso y amable y respete las diferentes opiniones, creencias, gustos, ideolog\u00edas, orientaciones sexuales, etc.<br>Sea respetuoso con la privacidad de las personas y no difunda informaci\u00f3n ni datos de terceros sin los consentimientos preceptivos.<br>No haga publicidad de productos y\/o de servicios de terceros en nuestras plataformas.<br>No sea repetitivo ni haga spam.<br>VILA VINITECA se reserva el derecho de ocultar, inadmitir y\/o bloquear a aquellos usuarios que no respeten las normas anteriores ni las condiciones descritas en la presente pol\u00edtica de redes sociales.<\/p><p>CONDICIONES DE USO DE LAS FOTOGRAF\u00cdAS E IM\u00c1GENES<\/p><p>Publicamos fotograf\u00edas propias y\/o de terceros siempre bajo autorizaci\u00f3n de las personas identificadas y respetando los derechos de autor y propiedad intelectual de los autores de dichas im\u00e1genes.<\/p><p>Las im\u00e1genes publicadas no pueden copiarse, reproducirse, distribuirse, comunicarse o transformarse sin ser expresamente autorizadas por VILA VINITECA. Solo podr\u00e1n compartirse mediante las herramientas habilitadas en las propias redes sociales.<\/p><p>Si utiliza nuestros hashtags propios creados para una campa\u00f1a determinada, nos da permiso para utilizar esta fotograf\u00eda o imagen. Siempre le etiquetaremos y citaremos en la publicaci\u00f3n.<\/p><p>Asumimos que tiene la propiedad de la imagen o fotograf\u00eda incorporada en el hashtag y que no infringe la propiedad intelectual y los derechos de imagen de ning\u00fan tercero ni infringe ninguna ley.<\/p><p>DESTINATARIOS Y TRANSFERENCIAS<\/p><p>Destinatarios: VILA VINITECA y empresas vinculadas: NEGOCIANTS SLU, CALIDOSCOPI VINOS FINOS SLU, CALIDOSCOPI VINS SLU, CAN DEZ MAS SL, UVAS FELICES SLU, VINS RARS SL, PRESCRIPTORS SLU.<\/p><p>La utilizaci\u00f3n de redes sociales implica el tratamiento y acceso de datos fuera del Espacio Econ\u00f3mico Europeo, incluyendo desde pa\u00edses que no ofrecen una normativa de protecci\u00f3n de datos equiparable a la europea. Para m\u00e1s informaci\u00f3n, consulte las pol\u00edticas de privacidad de cada una de las redes sociales.<\/p><p>PLAZO DE CONSERVACI\u00d3N DE LOS DATOS<\/p><p>Al menos durante los plazos establecidos por la legislaci\u00f3n aplicable y en todo caso mientras se mantenga la vigencia del consentimiento.<\/p><p>DERECHOS DE LAS PERSONAS<\/p><p>Los afectados tienen derecho a: acceder, rectificar y suprimir sus datos; solicitar la portabilidad de sus datos; oponerse al tratamiento o solicitar su limitaci\u00f3n; retirar el consentimiento prestado, en su caso.<\/p><p>Para ello pueden enviar su solicitud por escrito o correo electr\u00f3nico a la direcci\u00f3n del responsable, incluyendo la referencia \"Protecci\u00f3n de datos\".<\/p><p>Para facilitar la identificaci\u00f3n recomendamos que el titular de los datos adjunte a la solicitud copia de su DNI o pasaporte.<\/p><p>Los afectados tambi\u00e9n pueden realizar una reclamaci\u00f3n ante la Autoridad de Control de protecci\u00f3n de datos.<\/p><p>MENORES DE EDAD<\/p><p>VILA VINITECA proh\u00edbe el uso de sus servicios web e interacci\u00f3n en redes sociales a los usuarios menores de catorce a\u00f1os.<\/p><p>En ning\u00fan caso el menor podr\u00e1 facilitar a VILA VINITECA datos que permitan obtener informaci\u00f3n sobre los dem\u00e1s miembros del grupo familiar, o sobre las caracter\u00edsticas del mismo, como los datos relativos a la actividad profesional de los progenitores, informaci\u00f3n econ\u00f3mica, datos sociol\u00f3gicos o cualesquiera otros, sin el consentimiento de los titulares de tales datos.<\/p><p>UTILIZACI\u00d3N DE FUNCIONES Y COMPLEMENTOS DE TERCEROS<\/p><p>Las redes sociales pueden incorporar funciones y complementos proporcionados por terceros para diversas finalidades como, por ejemplo: anal\u00edticas web de terceros, mapas de terceros, v\u00eddeos de terceros, compartici\u00f3n en redes sociales; etc.<\/p><p>Una funci\u00f3n o complemento de un tercero establece una conexi\u00f3n directa entre el navegador del usuario y los dominios de Internet controlados por el tercero, permitiendo la descarga y ejecuci\u00f3n de la funci\u00f3n.<\/p><p>Asimismo, la mayor\u00eda de complementos de terceros recopilan qu\u00e9 p\u00e1ginas visitan los usuarios para conocer sus intereses y poder ofrecerle posteriormente publicidad adaptada a los mismos.<\/p><\/div><\/div><\/div><\/div><\/div><\/div><\/div><\/div>\n","protected":false},"excerpt":{"rendered":"<p>Pol\u00edtica de redes socialesLa utilizaci\u00f3n de redes sociales y de sus formularios requiere la aceptaci\u00f3n del tratamiento de los datos del usuario conforme a esta pol\u00edtica de privacidad, incluyendo la recopilaci\u00f3n de datos de acceso y el env\u00edo de informaci\u00f3n comercial por v\u00eda electr\u00f3nica y otros medios, as\u00ed como la aceptaci\u00f3n de pol\u00edticas de privacidad [&hellip;]<\/p>\n","protected":false},"author":5,"featured_media":0,"parent":0,"menu_order":0,"comment_status":"closed","ping_status":"open","template":"","meta":{"footnotes":""},"class_list":["post-335","page","type-page","status-publish","hentry"],"yoast_head":"<!-- This site is optimized with the Yoast SEO plugin v27.3 - https:\/\/yoast.com\/product\/yoast-seo-wordpress\/ -->\n<title>Pol\u00edtica de redes sociales - Uvas Felices<\/title>\n<meta name=\"robots\" content=\"index, follow, max-snippet:-1, max-image-preview:large, max-video-preview:-1\" \/>\n<link rel=\"canonical\" href=\"https:\/\/uvasfelices.com\/es\/politica-de-redes-sociales\/\" \/>\n<meta property=\"og:locale\" content=\"es_ES\" \/>\n<meta property=\"og:type\" content=\"article\" \/>\n<meta property=\"og:title\" content=\"Pol\u00edtica de redes sociales - Uvas Felices\" \/>\n<meta property=\"og:description\" content=\"Pol\u00edtica de redes socialesLa utilizaci\u00f3n de redes sociales y de sus formularios requiere la aceptaci\u00f3n del tratamiento de los datos del usuario conforme a esta pol\u00edtica de privacidad, incluyendo la recopilaci\u00f3n de datos de acceso y el env\u00edo de informaci\u00f3n comercial por v\u00eda electr\u00f3nica y otros medios, as\u00ed como la aceptaci\u00f3n de pol\u00edticas de privacidad [&hellip;]\" \/>\n<meta property=\"og:url\" content=\"https:\/\/uvasfelices.com\/es\/politica-de-redes-sociales\/\" \/>\n<meta property=\"og:site_name\" content=\"Uvas Felices\" \/>\n<meta property=\"article:modified_time\" content=\"2021-04-01T14:02:13+00:00\" \/>\n<meta name=\"twitter:card\" content=\"summary_large_image\" \/>\n<meta name=\"twitter:label1\" content=\"Tiempo de lectura\" \/>\n\t<meta name=\"twitter:data1\" content=\"6 minutos\" \/>\n<script type=\"application\/ld+json\" class=\"yoast-schema-graph\">{\"@context\":\"https:\\\/\\\/schema.org\",\"@graph\":[{\"@type\":\"WebPage\",\"@id\":\"https:\\\/\\\/uvasfelices.com\\\/es\\\/politica-de-redes-sociales\\\/\",\"url\":\"https:\\\/\\\/uvasfelices.com\\\/es\\\/politica-de-redes-sociales\\\/\",\"name\":\"Pol\u00edtica de redes sociales - Uvas Felices\",\"isPartOf\":{\"@id\":\"https:\\\/\\\/uvasfelices.com\\\/#website\"},\"datePublished\":\"2021-04-01T13:50:09+00:00\",\"dateModified\":\"2021-04-01T14:02:13+00:00\",\"breadcrumb\":{\"@id\":\"https:\\\/\\\/uvasfelices.com\\\/es\\\/politica-de-redes-sociales\\\/#breadcrumb\"},\"inLanguage\":\"es\",\"potentialAction\":[{\"@type\":\"ReadAction\",\"target\":[\"https:\\\/\\\/uvasfelices.com\\\/es\\\/politica-de-redes-sociales\\\/\"]}]},{\"@type\":\"BreadcrumbList\",\"@id\":\"https:\\\/\\\/uvasfelices.com\\\/es\\\/politica-de-redes-sociales\\\/#breadcrumb\",\"itemListElement\":[{\"@type\":\"ListItem\",\"position\":1,\"name\":\"Home\",\"item\":\"https:\\\/\\\/uvasfelices.com\\\/es\\\/\"},{\"@type\":\"ListItem\",\"position\":2,\"name\":\"Pol\u00edtica de redes sociales\"}]},{\"@type\":\"WebSite\",\"@id\":\"https:\\\/\\\/uvasfelices.com\\\/#website\",\"url\":\"https:\\\/\\\/uvasfelices.com\\\/\",\"name\":\"Uvas Felices\",\"description\":\"\",\"potentialAction\":[{\"@type\":\"SearchAction\",\"target\":{\"@type\":\"EntryPoint\",\"urlTemplate\":\"https:\\\/\\\/uvasfelices.com\\\/?s={search_term_string}\"},\"query-input\":{\"@type\":\"PropertyValueSpecification\",\"valueRequired\":true,\"valueName\":\"search_term_string\"}}],\"inLanguage\":\"es\"}]}<\/script>\n<!-- \/ Yoast SEO plugin. -->","yoast_head_json":{"title":"Pol\u00edtica de redes sociales - Uvas Felices","robots":{"index":"index","follow":"follow","max-snippet":"max-snippet:-1","max-image-preview":"max-image-preview:large","max-video-preview":"max-video-preview:-1"},"canonical":"https:\/\/uvasfelices.com\/es\/politica-de-redes-sociales\/","og_locale":"es_ES","og_type":"article","og_title":"Pol\u00edtica de redes sociales - Uvas Felices","og_description":"Pol\u00edtica de redes socialesLa utilizaci\u00f3n de redes sociales y de sus formularios requiere la aceptaci\u00f3n del tratamiento de los datos del usuario conforme a esta pol\u00edtica de privacidad, incluyendo la recopilaci\u00f3n de datos de acceso y el env\u00edo de informaci\u00f3n comercial por v\u00eda electr\u00f3nica y otros medios, as\u00ed como la aceptaci\u00f3n de pol\u00edticas de privacidad [&hellip;]","og_url":"https:\/\/uvasfelices.com\/es\/politica-de-redes-sociales\/","og_site_name":"Uvas Felices","article_modified_time":"2021-04-01T14:02:13+00:00","twitter_card":"summary_large_image","twitter_misc":{"Tiempo de lectura":"6 minutos"},"schema":{"@context":"https:\/\/schema.org","@graph":[{"@type":"WebPage","@id":"https:\/\/uvasfelices.com\/es\/politica-de-redes-sociales\/","url":"https:\/\/uvasfelices.com\/es\/politica-de-redes-sociales\/","name":"Pol\u00edtica de redes sociales - Uvas Felices","isPartOf":{"@id":"https:\/\/uvasfelices.com\/#website"},"datePublished":"2021-04-01T13:50:09+00:00","dateModified":"2021-04-01T14:02:13+00:00","breadcrumb":{"@id":"https:\/\/uvasfelices.com\/es\/politica-de-redes-sociales\/#breadcrumb"},"inLanguage":"es","potentialAction":[{"@type":"ReadAction","target":["https:\/\/uvasfelices.com\/es\/politica-de-redes-sociales\/"]}]},{"@type":"BreadcrumbList","@id":"https:\/\/uvasfelices.com\/es\/politica-de-redes-sociales\/#breadcrumb","itemListElement":[{"@type":"ListItem","position":1,"name":"Home","item":"https:\/\/uvasfelices.com\/es\/"},{"@type":"ListItem","position":2,"name":"Pol\u00edtica de redes sociales"}]},{"@type":"WebSite","@id":"https:\/\/uvasfelices.com\/#website","url":"https:\/\/uvasfelices.com\/","name":"Uvas Felices","description":"","potentialAction":[{"@type":"SearchAction","target":{"@type":"EntryPoint","urlTemplate":"https:\/\/uvasfelices.com\/?s={search_term_string}"},"query-input":{"@type":"PropertyValueSpecification","valueRequired":true,"valueName":"search_term_string"}}],"inLanguage":"es"}]}},"_links":{"self":[{"href":"https:\/\/uvasfelices.com\/es\/wp-json\/wp\/v2\/pages\/335","targetHints":{"allow":["GET"]}}],"collection":[{"href":"https:\/\/uvasfelices.com\/es\/wp-json\/wp\/v2\/pages"}],"about":[{"href":"https:\/\/uvasfelices.com\/es\/wp-json\/wp\/v2\/types\/page"}],"author":[{"embeddable":true,"href":"https:\/\/uvasfelices.com\/es\/wp-json\/wp\/v2\/users\/5"}],"replies":[{"embeddable":true,"href":"https:\/\/uvasfelices.com\/es\/wp-json\/wp\/v2\/comments?post=335"}],"version-history":[{"count":3,"href":"https:\/\/uvasfelices.com\/es\/wp-json\/wp\/v2\/pages\/335\/revisions"}],"predecessor-version":[{"id":339,"href":"https:\/\/uvasfelices.com\/es\/wp-json\/wp\/v2\/pages\/335\/revisions\/339"}],"wp:attachment":[{"href":"https:\/\/uvasfelices.com\/es\/wp-json\/wp\/v2\/media?parent=335"}],"curies":[{"name":"wp","href":"https:\/\/api.w.org\/{rel}","templated":true}]}}