{"id":348,"date":"2021-04-01T16:15:36","date_gmt":"2021-04-01T14:15:36","guid":{"rendered":"http:\/\/uvasfelices.com\/?page_id=348"},"modified":"2021-04-01T16:16:43","modified_gmt":"2021-04-01T14:16:43","slug":"avis-legal","status":"publish","type":"page","link":"https:\/\/uvasfelices.com\/ca\/avis-legal\/","title":{"rendered":"Av\u00eds legal"},"content":{"rendered":"<div class=\"vce-row-container\" data-vce-boxed-width=\"true\"><div class=\"vce-row vce-row--col-gap-30 vce-row-equal-height vce-row-content--top\" id=\"el-a215cbca\" data-vce-do-apply=\"all el-a215cbca\"><div class=\"vce-content-background-container\"><\/div><div class=\"vce-row-content\" data-vce-element-content=\"true\"><div class=\"vce-col vce-col--md-auto vce-col--xs-1 vce-col--xs-last vce-col--xs-first vce-col--sm-last vce-col--sm-first vce-col--md-last vce-col--lg-last vce-col--xl-last vce-col--md-first vce-col--lg-first vce-col--xl-first\" id=\"el-6a9e399f\"><div class=\"vce-col-inner\" data-vce-do-apply=\"border margin background  el-6a9e399f\"><div class=\"vce-col-content\" data-vce-element-content=\"true\" data-vce-do-apply=\"padding el-6a9e399f\"><div class=\"vce-text-block\"><div class=\"vce-text-block-wrapper vce\" id=\"el-33b93494\" data-vce-do-apply=\"all el-33b93494\"><h2>Av\u00eds legal<\/h2><\/div><\/div><div class=\"vce-text-block\"><div class=\"vce-text-block-wrapper vce\" id=\"el-1ba5a538\" data-vce-do-apply=\"all el-1ba5a538\"><p>TITULAR DEL WEB I DADES DE CONTACTE<\/p><p>El present domini a Internet \u00e9s titularitat de NEGOCIANTS, SLU (en endavant, VILA VINITECA ) amb CIF B60389731 i domicili a C \/ Agullers, 7 08003 BARCELONA (BARCELONA).<\/p><p>NEGOCIANTS, SLU \u00e9s una societat inscrita al Registre Mercantil de Barcelona, Tom 26436, foli 0095, full B-103.098, secci\u00f3 general Inscripci\u00f3 1 .<\/p><p>VILA VINITECA \u00e9s una empresa composta per les diferents societats vinculades: NEGOCIANTS SLU, CALIDOSCOPI VINOS FINOS SLU, CALIDOSCOPI VINS SLU, CAN DEZ MAS SL, UVAS FELICES SLU, VINS RARS SL, PRESCRIPTORS SLU.<\/p><p>Les presents condicions s'apliquen a totes les webs propietat de VILA VINITECA: www.vilaviniteca.es, www.outletdevinos.com, www.outletdevins.com, www.calidoscopi.es, www.canestruc.com i www.elperroverde.es.<\/p><p>La finalitat de la web \u00e9s informativa i venda en l\u00ednia.<\/p><p>Pot posar-se en contacte amb nosaltres:<\/p><p>Per tel\u00e8fon, al n\u00famero 902 327 777 .<br>Per correu electr\u00f2nic, escrivint a info@vilaviniteca.es \/\/ rgpd@vilaviniteca.es<br>Per escrit, dirigint-se a C \/ Agullers 7, 08003 BARCELONA (BARCELONA).<\/p><p>CONDICIONS D'\u00daS DEL WEB<\/p><p>Les presents condicions d'\u00fas regulen l'acc\u00e9s a aquesta web per part dels clients de VILA VINITECA i altres usuaris d'Internet. Pel sol \u00fas d'aquest web, l'usuari manifesta que accepta sense reserves de les presents condicions d'\u00fas.<\/p><p>VILA VINITECA es reserva el dret unilateral de modificar les presents condicions d'acc\u00e9s al web, aix\u00ed com els continguts en ella inclosos.<\/p><p>LIMITACI\u00d3 I EXCLUSI\u00d3 DE RESPONSABILITAT<\/p><p>El contingut d'aquesta web \u00e9s de car\u00e0cter general i t\u00e9 una finalitat i efectes exclusivament informatius. VILA VINITECA rebutja la responsabilitat sobre qualsevol informaci\u00f3 no elaborada per ella o publicada en el seu nom de forma no autoritzada per ella, a l'igual que la responsabilitat que es derivi de la mala utilitzaci\u00f3 per tercers dels continguts.<\/p><p>L'usuari exonera a VILA VINITECA de qualsevol responsabilitat que pogu\u00e9s derivar-se de les interrupcions de disponibilitat de la p\u00e0gina web, ja sigui per mal funcionament del servidor web o d'aplicacions, de les infraestructures de comunicacions, o del programari i maquinari utilitzat per a la navegaci\u00f3.<\/p><p>En el cas d'incloure enlla\u00e7os a altres p\u00e0gines web, declina qualsevol responsabilitat relacionada amb l'acc\u00e9s i utilitzaci\u00f3 d'aquests enlla\u00e7os.<\/p><p>PROPIETAT INTEL\u00b7LECTUAL I INDUSTRIAL<\/p><p>La totalitat d'aquest web es troba protegida per les lleis sobre propietat Intel\u00b7lectual i Industrial. Llevat que s'indiqui el contrari, els drets de propietat intel\u00b7lectual sobre aquests continguts corresponen en exclusiva a VILA VINITECA. L'usuari reconeix que l'\u00fas dels continguts queda estrictament limitat a finalitats personals del propi usuari i que la reproducci\u00f3, distribuci\u00f3, comunicaci\u00f3 o transformaci\u00f3 no expressament autoritzada d'aquestes obres constitueix una infracci\u00f3 dels drets de propietat intel\u00b7lectual.<\/p><p>Aix\u00ed mateix, l'usuari s'abstindr\u00e0 d'emprar els continguts i, en particular, la informaci\u00f3 de qualsevol classe obtinguda a trav\u00e9s del web per remetre publicitat, comunicacions amb fins de venda directa o amb qualsevol altra classe de finalitat comercial, missatges no sol\u00b7licitats dirigits a una pluralitat de persones amb independ\u00e8ncia de la seva finalitat. Tamb\u00e9 s'abstindr\u00e0 de comercialitzar o divulgar de qualsevol manera aquesta informaci\u00f3.<\/p><p>Els dominis titularitat de VILA VINITECA (www.vilaviniteca.es, www.outletdevinos.com, www.calidoscopi.es, www.vinacoteca.cat, www.canestruc.com i www.elperroverde.es) no poden ser utilitzats, excepte autoritzaci\u00f3 expressa pr\u00e8via, en connexi\u00f3 amb altres productes o serveis ni de cap manera que pugui causar confusi\u00f3 entre els nostres clients o descr\u00e8dit de VILA VINITECA i empreses vinculades.<\/p><p>POL\u00cdTICA PER ENLLA\u00c7AR A AQUESTA WEB<\/p><p>Si qualsevol usuari, entitat o p\u00e0gina web desitg\u00e9s establir algun tipus d'enlla\u00e7 amb destinaci\u00f3 a aquesta web haur\u00e0 de sol\u00b7licitar autoritzaci\u00f3 pr\u00e8via a la realitzaci\u00f3 de l'enlla\u00e7 i per escrit.<\/p><p>A m\u00e9s, nom\u00e9s es permet enlla\u00e7ar a la p\u00e0gina d'inici del web. L'enlla\u00e7 ha de ser absolut i complet, \u00e9s a dir, ha de portar a l'usuari a la pr\u00f2pia direcci\u00f3 abastant completament l'extensi\u00f3 de la pantalla de la p\u00e0gina que cont\u00e9 l'enlla\u00e7. En cap cas, excepte autoritzaci\u00f3 expressa i per escrit de VILA VINITECA, la p\u00e0gina que realitzi l'enlla\u00e7 podr\u00e0 reproduir de qualsevol manera el web de VILA VINITECA, incloure-la com a part del seu web o dins d'un dels seus marcs sobre qualsevol de les p\u00e0gines o continguts de la present web.<\/p><p>No s'inclour\u00e0 cap manifestaci\u00f3 falsa, inexacta o incorrecta sobre les p\u00e0gines d'aquesta web o els serveis que s'hi ofereixen.<\/p><p>L'enlla\u00e7 no contindr\u00e0 cap marca, nom comercial, r\u00e8tol d'establiment, denominaci\u00f3, logotip, esl\u00f2gan o altres signes distintius que pertanyin a VILA VINITECA.<\/p><p>Sota cap circumst\u00e0ncia VILA VINITECA ser\u00e0 responsable dels continguts o serveis posats a disposici\u00f3 al p\u00fablic en la p\u00e0gina web des de la qual es faci l'hiperenlla\u00e7 ni de les informacions o manifestacions incloses es en les mateixes.<\/p><p>PROTECCI\u00d3 DE DADES PERSONALS<\/p><p>La utilitzaci\u00f3 d'aquesta web i dels seus formularis requereix l'acceptaci\u00f3 del tractament de les dades de l'usuari d'acord amb nostra pol\u00edtica de privacitat, incloent la recopilaci\u00f3 de dades d'acc\u00e9s i l'enviament d'informaci\u00f3 comercial per via electr\u00f2nica.<\/p><p>Llegiu detingudament la nostra pol\u00edtica de privacitat per con\u00e8ixer com utilitzem les dades dels usuaris i com exercir els drets d'acc\u00e9s, rectificaci\u00f3, cancel\u00b7laci\u00f3 i oposici\u00f3.<\/p><p>GALETES\/COOKIES<\/p><p>Aquest web utilitza galetes pr\u00f2pies i de tercers per a diverses finalitats incloent anal\u00edtiques i publicitat adaptada als interessos de l'usuari. El mer \u00fas d'aquesta web amb les galetes activades en el navegador implica l'acceptaci\u00f3 del seu tractament conforme a la nostra pol\u00edtica de cookies .<\/p><p>Llegiu detingudament la nostra pol\u00edtica de cookies per con\u00e8ixer els tipus de galetes empleats, i com bloquejar-les i esborrar al seu navegador.<\/p><p>PREVALEN\u00c7A DE LA VERSI\u00d3 ESPANYOLA<\/p><p>En el cas que es tradueixi aquest av\u00eds legal a altres idiomes, quan hi hagi discrep\u00e0ncia, la versi\u00f3 espanyola prevaldr\u00e0.<\/p><p>LEGISLACI\u00d3 I JURISDICCI\u00d3 APLICABLE<\/p><p>El present Av\u00eds Legal, aix\u00ed com les relacions entre i els usuaris, es regiran per la normativa espanyola vigent i qualsevol controv\u00e8rsia se sotmetr\u00e0 als Jutjats i Tribunals de BARCELONA, excepte en el cas de consumidors i usuaris que s'aplicar\u00e0 el fur imperatiu dels jutjats que corresponguin al seu domicili.<\/p><\/div><div class=\"vce-text-block-wrapper vce\" id=\"\" data-vce-do-apply=\"all el-1ba5a538\" style=\"height: 0px; width: 0px; overflow: hidden; position: fixed; bottom: 0px; right: 0px;\"><p>TITULAR DEL WEB I DADES DE CONTACTE<\/p><p>El present domini a Internet \u00e9s titularitat de NEGOCIANTS, SLU (en endavant, VILA VINITECA ) amb CIF B60389731 i domicili a C \/ Agullers, 7 08003 BARCELONA (BARCELONA).<\/p><p>NEGOCIANTS, SLU \u00e9s una societat inscrita al Registre Mercantil de Barcelona, Tom 26436, foli 0095, full B-103.098, secci\u00f3 general Inscripci\u00f3 1 .<\/p><p>VILA VINITECA \u00e9s una empresa composta per les diferents societats vinculades: NEGOCIANTS SLU, CALIDOSCOPI VINOS FINOS SLU, CALIDOSCOPI VINS SLU, CAN DEZ MAS SL, UVAS FELICES SLU, VINS RARS SL, PRESCRIPTORS SLU.<\/p><p>Les presents condicions s'apliquen a totes les webs propietat de VILA VINITECA: www.vilaviniteca.es, www.outletdevinos.com, www.outletdevins.com, www.calidoscopi.es, www.canestruc.com i www.elperroverde.es.<\/p><p>La finalitat de la web \u00e9s informativa i venda en l\u00ednia.<\/p><p>Pot posar-se en contacte amb nosaltres:<\/p><p>Per tel\u00e8fon, al n\u00famero 902 327 777 .<br>Per correu electr\u00f2nic, escrivint a info@vilaviniteca.es \/\/ rgpd@vilaviniteca.es<br>Per escrit, dirigint-se a C \/ Agullers 7, 08003 BARCELONA (BARCELONA).<\/p><p>CONDICIONS D'\u00daS DEL WEB<\/p><p>Les presents condicions d'\u00fas regulen l'acc\u00e9s a aquesta web per part dels clients de VILA VINITECA i altres usuaris d'Internet. Pel sol \u00fas d'aquest web, l'usuari manifesta que accepta sense reserves de les presents condicions d'\u00fas.<\/p><p>VILA VINITECA es reserva el dret unilateral de modificar les presents condicions d'acc\u00e9s al web, aix\u00ed com els continguts en ella inclosos.<\/p><p>LIMITACI\u00d3 I EXCLUSI\u00d3 DE RESPONSABILITAT<\/p><p>El contingut d'aquesta web \u00e9s de car\u00e0cter general i t\u00e9 una finalitat i efectes exclusivament informatius. VILA VINITECA rebutja la responsabilitat sobre qualsevol informaci\u00f3 no elaborada per ella o publicada en el seu nom de forma no autoritzada per ella, a l'igual que la responsabilitat que es derivi de la mala utilitzaci\u00f3 per tercers dels continguts.<\/p><p>L'usuari exonera a VILA VINITECA de qualsevol responsabilitat que pogu\u00e9s derivar-se de les interrupcions de disponibilitat de la p\u00e0gina web, ja sigui per mal funcionament del servidor web o d'aplicacions, de les infraestructures de comunicacions, o del programari i maquinari utilitzat per a la navegaci\u00f3.<\/p><p>En el cas d'incloure enlla\u00e7os a altres p\u00e0gines web, declina qualsevol responsabilitat relacionada amb l'acc\u00e9s i utilitzaci\u00f3 d'aquests enlla\u00e7os.<\/p><p>PROPIETAT INTEL\u00b7LECTUAL I INDUSTRIAL<\/p><p>La totalitat d'aquest web es troba protegida per les lleis sobre propietat Intel\u00b7lectual i Industrial. Llevat que s'indiqui el contrari, els drets de propietat intel\u00b7lectual sobre aquests continguts corresponen en exclusiva a VILA VINITECA. L'usuari reconeix que l'\u00fas dels continguts queda estrictament limitat a finalitats personals del propi usuari i que la reproducci\u00f3, distribuci\u00f3, comunicaci\u00f3 o transformaci\u00f3 no expressament autoritzada d'aquestes obres constitueix una infracci\u00f3 dels drets de propietat intel\u00b7lectual.<\/p><p>Aix\u00ed mateix, l'usuari s'abstindr\u00e0 d'emprar els continguts i, en particular, la informaci\u00f3 de qualsevol classe obtinguda a trav\u00e9s del web per remetre publicitat, comunicacions amb fins de venda directa o amb qualsevol altra classe de finalitat comercial, missatges no sol\u00b7licitats dirigits a una pluralitat de persones amb independ\u00e8ncia de la seva finalitat. Tamb\u00e9 s'abstindr\u00e0 de comercialitzar o divulgar de qualsevol manera aquesta informaci\u00f3.<\/p><p>Els dominis titularitat de VILA VINITECA (www.vilaviniteca.es, www.outletdevinos.com, www.calidoscopi.es, www.vinacoteca.cat, www.canestruc.com i www.elperroverde.es) no poden ser utilitzats, excepte autoritzaci\u00f3 expressa pr\u00e8via, en connexi\u00f3 amb altres productes o serveis ni de cap manera que pugui causar confusi\u00f3 entre els nostres clients o descr\u00e8dit de VILA VINITECA i empreses vinculades.<\/p><p>POL\u00cdTICA PER ENLLA\u00c7AR A AQUESTA WEB<\/p><p>Si qualsevol usuari, entitat o p\u00e0gina web desitg\u00e9s establir algun tipus d'enlla\u00e7 amb destinaci\u00f3 a aquesta web haur\u00e0 de sol\u00b7licitar autoritzaci\u00f3 pr\u00e8via a la realitzaci\u00f3 de l'enlla\u00e7 i per escrit.<\/p><p>A m\u00e9s, nom\u00e9s es permet enlla\u00e7ar a la p\u00e0gina d'inici del web. L'enlla\u00e7 ha de ser absolut i complet, \u00e9s a dir, ha de portar a l'usuari a la pr\u00f2pia direcci\u00f3 abastant completament l'extensi\u00f3 de la pantalla de la p\u00e0gina que cont\u00e9 l'enlla\u00e7. En cap cas, excepte autoritzaci\u00f3 expressa i per escrit de VILA VINITECA, la p\u00e0gina que realitzi l'enlla\u00e7 podr\u00e0 reproduir de qualsevol manera el web de VILA VINITECA, incloure-la com a part del seu web o dins d'un dels seus marcs sobre qualsevol de les p\u00e0gines o continguts de la present web.<\/p><p>No s'inclour\u00e0 cap manifestaci\u00f3 falsa, inexacta o incorrecta sobre les p\u00e0gines d'aquesta web o els serveis que s'hi ofereixen.<\/p><p>L'enlla\u00e7 no contindr\u00e0 cap marca, nom comercial, r\u00e8tol d'establiment, denominaci\u00f3, logotip, esl\u00f2gan o altres signes distintius que pertanyin a VILA VINITECA.<\/p><p>Sota cap circumst\u00e0ncia VILA VINITECA ser\u00e0 responsable dels continguts o serveis posats a disposici\u00f3 al p\u00fablic en la p\u00e0gina web des de la qual es faci l'hiperenlla\u00e7 ni de les informacions o manifestacions incloses es en les mateixes.<\/p><p>PROTECCI\u00d3 DE DADES PERSONALS<\/p><p>La utilitzaci\u00f3 d'aquesta web i dels seus formularis requereix l'acceptaci\u00f3 del tractament de les dades de l'usuari d'acord amb nostra pol\u00edtica de privacitat, incloent la recopilaci\u00f3 de dades d'acc\u00e9s i l'enviament d'informaci\u00f3 comercial per via electr\u00f2nica.<\/p><p>Llegiu detingudament la nostra pol\u00edtica de privacitat per con\u00e8ixer com utilitzem les dades dels usuaris i com exercir els drets d'acc\u00e9s, rectificaci\u00f3, cancel\u00b7laci\u00f3 i oposici\u00f3.<\/p><p>GALETES\/COOKIES<\/p><p>Aquest web utilitza galetes pr\u00f2pies i de tercers per a diverses finalitats incloent anal\u00edtiques i publicitat adaptada als interessos de l'usuari. El mer \u00fas d'aquesta web amb les galetes activades en el navegador implica l'acceptaci\u00f3 del seu tractament conforme a la nostra pol\u00edtica de cookies .<\/p><p>Llegiu detingudament la nostra pol\u00edtica de cookies per con\u00e8ixer els tipus de galetes empleats, i com bloquejar-les i esborrar al seu navegador.<\/p><p>PREVALEN\u00c7A DE LA VERSI\u00d3 ESPANYOLA<\/p><p>En el cas que es tradueixi aquest av\u00eds legal a altres idiomes, quan hi hagi discrep\u00e0ncia, la versi\u00f3 espanyola prevaldr\u00e0.<\/p><p>LEGISLACI\u00d3 I JURISDICCI\u00d3 APLICABLE<\/p><p>El present Av\u00eds Legal, aix\u00ed com les relacions entre i els usuaris, es regiran per la normativa espanyola vigent i qualsevol controv\u00e8rsia se sotmetr\u00e0 als Jutjats i Tribunals de BARCELONA, excepte en el cas de consumidors i usuaris que s'aplicar\u00e0 el fur imperatiu dels jutjats que corresponguin al seu domicili.<\/p><\/div><\/div><\/div><\/div><\/div><\/div><\/div><\/div>\n","protected":false},"excerpt":{"rendered":"<p>Av\u00eds legalTITULAR DEL WEB I DADES DE CONTACTEEl present domini a Internet \u00e9s titularitat de NEGOCIANTS, SLU (en endavant, VILA VINITECA ) amb CIF B60389731 i domicili a C \/ Agullers, 7 08003 BARCELONA (BARCELONA).NEGOCIANTS, SLU \u00e9s una societat inscrita al Registre Mercantil de Barcelona, Tom 26436, foli 0095, full B-103.098, secci\u00f3 general Inscripci\u00f3 1 [&hellip;]<\/p>\n","protected":false},"author":5,"featured_media":0,"parent":0,"menu_order":0,"comment_status":"closed","ping_status":"closed","template":"","meta":{"footnotes":""},"class_list":["post-348","page","type-page","status-publish","hentry"],"yoast_head":"<!-- This site is optimized with the Yoast SEO plugin v27.3 - https:\/\/yoast.com\/product\/yoast-seo-wordpress\/ -->\n<title>Av\u00eds legal - Uvas Felices<\/title>\n<meta name=\"robots\" content=\"index, follow, max-snippet:-1, max-image-preview:large, max-video-preview:-1\" \/>\n<link rel=\"canonical\" href=\"https:\/\/uvasfelices.com\/ca\/avis-legal\/\" \/>\n<meta property=\"og:locale\" content=\"ca_ES\" \/>\n<meta property=\"og:type\" content=\"article\" \/>\n<meta property=\"og:title\" content=\"Av\u00eds legal - Uvas Felices\" \/>\n<meta property=\"og:description\" content=\"Av\u00eds legalTITULAR DEL WEB I DADES DE CONTACTEEl present domini a Internet \u00e9s titularitat de NEGOCIANTS, SLU (en endavant, VILA VINITECA ) amb CIF B60389731 i domicili a C \/ Agullers, 7 08003 BARCELONA (BARCELONA).NEGOCIANTS, SLU \u00e9s una societat inscrita al Registre Mercantil de Barcelona, Tom 26436, foli 0095, full B-103.098, secci\u00f3 general Inscripci\u00f3 1 [&hellip;]\" \/>\n<meta property=\"og:url\" content=\"https:\/\/uvasfelices.com\/ca\/avis-legal\/\" \/>\n<meta property=\"og:site_name\" content=\"Uvas Felices\" \/>\n<meta property=\"article:modified_time\" content=\"2021-04-01T14:16:43+00:00\" \/>\n<meta name=\"twitter:card\" content=\"summary_large_image\" \/>\n<meta name=\"twitter:label1\" content=\"Temps estimat de lectura\" \/>\n\t<meta name=\"twitter:data1\" content=\"10 minuts\" \/>\n<script type=\"application\/ld+json\" class=\"yoast-schema-graph\">{\"@context\":\"https:\\\/\\\/schema.org\",\"@graph\":[{\"@type\":\"WebPage\",\"@id\":\"https:\\\/\\\/uvasfelices.com\\\/ca\\\/avis-legal\\\/\",\"url\":\"https:\\\/\\\/uvasfelices.com\\\/ca\\\/avis-legal\\\/\",\"name\":\"Av\u00eds legal - Uvas Felices\",\"isPartOf\":{\"@id\":\"https:\\\/\\\/uvasfelices.com\\\/#website\"},\"datePublished\":\"2021-04-01T14:15:36+00:00\",\"dateModified\":\"2021-04-01T14:16:43+00:00\",\"breadcrumb\":{\"@id\":\"https:\\\/\\\/uvasfelices.com\\\/ca\\\/avis-legal\\\/#breadcrumb\"},\"inLanguage\":\"ca\",\"potentialAction\":[{\"@type\":\"ReadAction\",\"target\":[\"https:\\\/\\\/uvasfelices.com\\\/ca\\\/avis-legal\\\/\"]}]},{\"@type\":\"BreadcrumbList\",\"@id\":\"https:\\\/\\\/uvasfelices.com\\\/ca\\\/avis-legal\\\/#breadcrumb\",\"itemListElement\":[{\"@type\":\"ListItem\",\"position\":1,\"name\":\"Home\",\"item\":\"https:\\\/\\\/uvasfelices.com\\\/ca\\\/\"},{\"@type\":\"ListItem\",\"position\":2,\"name\":\"Av\u00eds legal\"}]},{\"@type\":\"WebSite\",\"@id\":\"https:\\\/\\\/uvasfelices.com\\\/#website\",\"url\":\"https:\\\/\\\/uvasfelices.com\\\/\",\"name\":\"Uvas Felices\",\"description\":\"\",\"potentialAction\":[{\"@type\":\"SearchAction\",\"target\":{\"@type\":\"EntryPoint\",\"urlTemplate\":\"https:\\\/\\\/uvasfelices.com\\\/?s={search_term_string}\"},\"query-input\":{\"@type\":\"PropertyValueSpecification\",\"valueRequired\":true,\"valueName\":\"search_term_string\"}}],\"inLanguage\":\"ca\"}]}<\/script>\n<!-- \/ Yoast SEO plugin. -->","yoast_head_json":{"title":"Av\u00eds legal - Uvas Felices","robots":{"index":"index","follow":"follow","max-snippet":"max-snippet:-1","max-image-preview":"max-image-preview:large","max-video-preview":"max-video-preview:-1"},"canonical":"https:\/\/uvasfelices.com\/ca\/avis-legal\/","og_locale":"ca_ES","og_type":"article","og_title":"Av\u00eds legal - Uvas Felices","og_description":"Av\u00eds legalTITULAR DEL WEB I DADES DE CONTACTEEl present domini a Internet \u00e9s titularitat de NEGOCIANTS, SLU (en endavant, VILA VINITECA ) amb CIF B60389731 i domicili a C \/ Agullers, 7 08003 BARCELONA (BARCELONA).NEGOCIANTS, SLU \u00e9s una societat inscrita al Registre Mercantil de Barcelona, Tom 26436, foli 0095, full B-103.098, secci\u00f3 general Inscripci\u00f3 1 [&hellip;]","og_url":"https:\/\/uvasfelices.com\/ca\/avis-legal\/","og_site_name":"Uvas Felices","article_modified_time":"2021-04-01T14:16:43+00:00","twitter_card":"summary_large_image","twitter_misc":{"Temps estimat de lectura":"10 minuts"},"schema":{"@context":"https:\/\/schema.org","@graph":[{"@type":"WebPage","@id":"https:\/\/uvasfelices.com\/ca\/avis-legal\/","url":"https:\/\/uvasfelices.com\/ca\/avis-legal\/","name":"Av\u00eds legal - Uvas Felices","isPartOf":{"@id":"https:\/\/uvasfelices.com\/#website"},"datePublished":"2021-04-01T14:15:36+00:00","dateModified":"2021-04-01T14:16:43+00:00","breadcrumb":{"@id":"https:\/\/uvasfelices.com\/ca\/avis-legal\/#breadcrumb"},"inLanguage":"ca","potentialAction":[{"@type":"ReadAction","target":["https:\/\/uvasfelices.com\/ca\/avis-legal\/"]}]},{"@type":"BreadcrumbList","@id":"https:\/\/uvasfelices.com\/ca\/avis-legal\/#breadcrumb","itemListElement":[{"@type":"ListItem","position":1,"name":"Home","item":"https:\/\/uvasfelices.com\/ca\/"},{"@type":"ListItem","position":2,"name":"Av\u00eds legal"}]},{"@type":"WebSite","@id":"https:\/\/uvasfelices.com\/#website","url":"https:\/\/uvasfelices.com\/","name":"Uvas Felices","description":"","potentialAction":[{"@type":"SearchAction","target":{"@type":"EntryPoint","urlTemplate":"https:\/\/uvasfelices.com\/?s={search_term_string}"},"query-input":{"@type":"PropertyValueSpecification","valueRequired":true,"valueName":"search_term_string"}}],"inLanguage":"ca"}]}},"_links":{"self":[{"href":"https:\/\/uvasfelices.com\/ca\/wp-json\/wp\/v2\/pages\/348","targetHints":{"allow":["GET"]}}],"collection":[{"href":"https:\/\/uvasfelices.com\/ca\/wp-json\/wp\/v2\/pages"}],"about":[{"href":"https:\/\/uvasfelices.com\/ca\/wp-json\/wp\/v2\/types\/page"}],"author":[{"embeddable":true,"href":"https:\/\/uvasfelices.com\/ca\/wp-json\/wp\/v2\/users\/5"}],"replies":[{"embeddable":true,"href":"https:\/\/uvasfelices.com\/ca\/wp-json\/wp\/v2\/comments?post=348"}],"version-history":[{"count":2,"href":"https:\/\/uvasfelices.com\/ca\/wp-json\/wp\/v2\/pages\/348\/revisions"}],"predecessor-version":[{"id":355,"href":"https:\/\/uvasfelices.com\/ca\/wp-json\/wp\/v2\/pages\/348\/revisions\/355"}],"wp:attachment":[{"href":"https:\/\/uvasfelices.com\/ca\/wp-json\/wp\/v2\/media?parent=348"}],"curies":[{"name":"wp","href":"https:\/\/api.w.org\/{rel}","templated":true}]}}